{"id":156424,"date":"2025-05-13T05:45:38","date_gmt":"2025-05-13T05:45:38","guid":{"rendered":"https:\/\/www.codewayexpo.com\/?post_type=product&#038;p=156424"},"modified":"2025-05-13T05:47:31","modified_gmt":"2025-05-13T05:47:31","slug":"cbm-italia-ets","status":"publish","type":"product","link":"https:\/\/www.codewayexpo.com\/en\/espositori\/cbm-italia-ets\/","title":{"rendered":"CBM Italia ETS"},"content":{"rendered":"","protected":false},"excerpt":{"rendered":"<p><strong>Hall 2 &#8211; Stand C14<\/strong><\/p>\n<p>Via Melchiorre Gioia, 72<br \/>\n20125 Milano &#8211; MI (Italy)<br \/>\n+39 0272093670<br \/>\nprogetti@cbmitalia.org<br \/>\nwww.cbmitalia.org<\/p>\n<p>CBM Italy is an international organization dedicated to health, education, employment, and the rights of persons with disabilities. It aims to break the cycle of poverty and disability through development projects and emergency interventions that prioritize their rights and needs.<\/p>","protected":false},"featured_media":156425,"template":"","meta":[],"product_brand":[],"product_cat":[192],"product_tag":[],"class_list":{"0":"post-156424","1":"product","2":"type-product","3":"status-publish","4":"has-post-thumbnail","6":"product_cat-espositore","8":"first","9":"instock","10":"downloadable","11":"virtual","12":"product-type-simple"},"yoast_head":"<!-- This site is optimized with the Yoast SEO plugin v27.5 - https:\/\/yoast.com\/product\/yoast-seo-wordpress\/ -->\n<title>CBM Italia ETS - CodewayExpo<\/title>\n<meta name=\"robots\" content=\"index, follow, max-snippet:-1, max-image-preview:large, max-video-preview:-1\" \/>\n<link rel=\"canonical\" href=\"https:\/\/www.codewayexpo.com\/en\/espositori\/cbm-italia-ets\/\" \/>\n<meta property=\"og:locale\" content=\"en_US\" \/>\n<meta property=\"og:type\" content=\"article\" \/>\n<meta property=\"og:title\" content=\"CBM Italia ETS - CodewayExpo\" \/>\n<meta property=\"og:description\" content=\"Hall 2 - Stand C14  Via Melchiorre Gioia, 72 20125 Milano - MI (Italy) +39 0272093670 progetti@cbmitalia.org www.cbmitalia.org  CBM Italia \u00e8 un\u2019organizzazione internazionale impegnata nella salute, l\u2019educazione, il lavoro e i diritti delle persone con disabilit\u00e0. Interviene per interrompere il ciclo tra povert\u00e0 e disabilit\u00e0 attraverso progetti di sviluppo e interventi di emergenza che mettono al centro i loro diritti e bisogni.\" \/>\n<meta property=\"og:url\" content=\"https:\/\/www.codewayexpo.com\/en\/espositori\/cbm-italia-ets\/\" \/>\n<meta property=\"og:site_name\" content=\"CodewayExpo\" \/>\n<meta property=\"article:modified_time\" content=\"2025-05-13T05:47:31+00:00\" \/>\n<meta property=\"og:image\" content=\"https:\/\/www.codewayexpo.com\/wp-content\/uploads\/img-logo-cbm-italia.webp\" \/>\n\t<meta property=\"og:image:width\" content=\"800\" \/>\n\t<meta property=\"og:image:height\" content=\"800\" \/>\n\t<meta property=\"og:image:type\" content=\"image\/webp\" \/>\n<meta name=\"twitter:card\" content=\"summary_large_image\" \/>\n<meta name=\"twitter:label1\" content=\"Est. reading time\" \/>\n\t<meta name=\"twitter:data1\" content=\"1 minute\" \/>\n<script type=\"application\/ld+json\" class=\"yoast-schema-graph\">{\"@context\":\"https:\\\/\\\/schema.org\",\"@graph\":[{\"@type\":\"WebPage\",\"@id\":\"https:\\\/\\\/www.codewayexpo.com\\\/espositori\\\/cbm-italia-ets\\\/\",\"url\":\"https:\\\/\\\/www.codewayexpo.com\\\/espositori\\\/cbm-italia-ets\\\/\",\"name\":\"CBM Italia ETS - CodewayExpo\",\"isPartOf\":{\"@id\":\"https:\\\/\\\/www.codewayexpo.com\\\/#website\"},\"primaryImageOfPage\":{\"@id\":\"https:\\\/\\\/www.codewayexpo.com\\\/espositori\\\/cbm-italia-ets\\\/#primaryimage\"},\"image\":{\"@id\":\"https:\\\/\\\/www.codewayexpo.com\\\/espositori\\\/cbm-italia-ets\\\/#primaryimage\"},\"thumbnailUrl\":\"https:\\\/\\\/www.codewayexpo.com\\\/wp-content\\\/uploads\\\/img-logo-cbm-italia.webp\",\"datePublished\":\"2025-05-13T05:45:38+00:00\",\"dateModified\":\"2025-05-13T05:47:31+00:00\",\"breadcrumb\":{\"@id\":\"https:\\\/\\\/www.codewayexpo.com\\\/espositori\\\/cbm-italia-ets\\\/#breadcrumb\"},\"inLanguage\":\"en-US\",\"potentialAction\":[{\"@type\":\"ReadAction\",\"target\":[\"https:\\\/\\\/www.codewayexpo.com\\\/espositori\\\/cbm-italia-ets\\\/\"]}]},{\"@type\":\"ImageObject\",\"inLanguage\":\"en-US\",\"@id\":\"https:\\\/\\\/www.codewayexpo.com\\\/espositori\\\/cbm-italia-ets\\\/#primaryimage\",\"url\":\"https:\\\/\\\/www.codewayexpo.com\\\/wp-content\\\/uploads\\\/img-logo-cbm-italia.webp\",\"contentUrl\":\"https:\\\/\\\/www.codewayexpo.com\\\/wp-content\\\/uploads\\\/img-logo-cbm-italia.webp\",\"width\":800,\"height\":800},{\"@type\":\"BreadcrumbList\",\"@id\":\"https:\\\/\\\/www.codewayexpo.com\\\/espositori\\\/cbm-italia-ets\\\/#breadcrumb\",\"itemListElement\":[{\"@type\":\"ListItem\",\"position\":1,\"name\":\"Home\",\"item\":\"https:\\\/\\\/www.codewayexpo.com\\\/\"},{\"@type\":\"ListItem\",\"position\":2,\"name\":\"Shop\",\"item\":\"https:\\\/\\\/www.codewayexpo.com\\\/shop\\\/\"},{\"@type\":\"ListItem\",\"position\":3,\"name\":\"CBM Italia ETS\"}]},{\"@type\":\"WebSite\",\"@id\":\"https:\\\/\\\/www.codewayexpo.com\\\/#website\",\"url\":\"https:\\\/\\\/www.codewayexpo.com\\\/\",\"name\":\"CodewayExpo\",\"description\":\"Cooperation Development Expo\",\"potentialAction\":[{\"@type\":\"SearchAction\",\"target\":{\"@type\":\"EntryPoint\",\"urlTemplate\":\"https:\\\/\\\/www.codewayexpo.com\\\/?s={search_term_string}\"},\"query-input\":{\"@type\":\"PropertyValueSpecification\",\"valueRequired\":true,\"valueName\":\"search_term_string\"}}],\"inLanguage\":\"en-US\"}]}<\/script>\n<!-- \/ Yoast SEO plugin. -->","yoast_head_json":{"title":"CBM Italia ETS - CodewayExpo","robots":{"index":"index","follow":"follow","max-snippet":"max-snippet:-1","max-image-preview":"max-image-preview:large","max-video-preview":"max-video-preview:-1"},"canonical":"https:\/\/www.codewayexpo.com\/en\/espositori\/cbm-italia-ets\/","og_locale":"en_US","og_type":"article","og_title":"CBM Italia ETS - CodewayExpo","og_description":"Hall 2 - Stand C14  Via Melchiorre Gioia, 72 20125 Milano - MI (Italy) +39 0272093670 progetti@cbmitalia.org www.cbmitalia.org  CBM Italia \u00e8 un\u2019organizzazione internazionale impegnata nella salute, l\u2019educazione, il lavoro e i diritti delle persone con disabilit\u00e0. Interviene per interrompere il ciclo tra povert\u00e0 e disabilit\u00e0 attraverso progetti di sviluppo e interventi di emergenza che mettono al centro i loro diritti e bisogni.","og_url":"https:\/\/www.codewayexpo.com\/en\/espositori\/cbm-italia-ets\/","og_site_name":"CodewayExpo","article_modified_time":"2025-05-13T05:47:31+00:00","og_image":[{"width":800,"height":800,"url":"https:\/\/www.codewayexpo.com\/wp-content\/uploads\/img-logo-cbm-italia.webp","type":"image\/webp"}],"twitter_card":"summary_large_image","twitter_misc":{"Est. reading time":"1 minute"},"schema":{"@context":"https:\/\/schema.org","@graph":[{"@type":"WebPage","@id":"https:\/\/www.codewayexpo.com\/espositori\/cbm-italia-ets\/","url":"https:\/\/www.codewayexpo.com\/espositori\/cbm-italia-ets\/","name":"CBM Italia ETS - CodewayExpo","isPartOf":{"@id":"https:\/\/www.codewayexpo.com\/#website"},"primaryImageOfPage":{"@id":"https:\/\/www.codewayexpo.com\/espositori\/cbm-italia-ets\/#primaryimage"},"image":{"@id":"https:\/\/www.codewayexpo.com\/espositori\/cbm-italia-ets\/#primaryimage"},"thumbnailUrl":"https:\/\/www.codewayexpo.com\/wp-content\/uploads\/img-logo-cbm-italia.webp","datePublished":"2025-05-13T05:45:38+00:00","dateModified":"2025-05-13T05:47:31+00:00","breadcrumb":{"@id":"https:\/\/www.codewayexpo.com\/espositori\/cbm-italia-ets\/#breadcrumb"},"inLanguage":"en-US","potentialAction":[{"@type":"ReadAction","target":["https:\/\/www.codewayexpo.com\/espositori\/cbm-italia-ets\/"]}]},{"@type":"ImageObject","inLanguage":"en-US","@id":"https:\/\/www.codewayexpo.com\/espositori\/cbm-italia-ets\/#primaryimage","url":"https:\/\/www.codewayexpo.com\/wp-content\/uploads\/img-logo-cbm-italia.webp","contentUrl":"https:\/\/www.codewayexpo.com\/wp-content\/uploads\/img-logo-cbm-italia.webp","width":800,"height":800},{"@type":"BreadcrumbList","@id":"https:\/\/www.codewayexpo.com\/espositori\/cbm-italia-ets\/#breadcrumb","itemListElement":[{"@type":"ListItem","position":1,"name":"Home","item":"https:\/\/www.codewayexpo.com\/"},{"@type":"ListItem","position":2,"name":"Shop","item":"https:\/\/www.codewayexpo.com\/shop\/"},{"@type":"ListItem","position":3,"name":"CBM Italia ETS"}]},{"@type":"WebSite","@id":"https:\/\/www.codewayexpo.com\/#website","url":"https:\/\/www.codewayexpo.com\/","name":"CodewayExpo","description":"Cooperation Development Expo","potentialAction":[{"@type":"SearchAction","target":{"@type":"EntryPoint","urlTemplate":"https:\/\/www.codewayexpo.com\/?s={search_term_string}"},"query-input":{"@type":"PropertyValueSpecification","valueRequired":true,"valueName":"search_term_string"}}],"inLanguage":"en-US"}]}},"_links":{"self":[{"href":"https:\/\/www.codewayexpo.com\/en\/wp-json\/wp\/v2\/product\/156424","targetHints":{"allow":["GET"]}}],"collection":[{"href":"https:\/\/www.codewayexpo.com\/en\/wp-json\/wp\/v2\/product"}],"about":[{"href":"https:\/\/www.codewayexpo.com\/en\/wp-json\/wp\/v2\/types\/product"}],"wp:featuredmedia":[{"embeddable":true,"href":"https:\/\/www.codewayexpo.com\/en\/wp-json\/wp\/v2\/media\/156425"}],"wp:attachment":[{"href":"https:\/\/www.codewayexpo.com\/en\/wp-json\/wp\/v2\/media?parent=156424"}],"wp:term":[{"taxonomy":"product_brand","embeddable":true,"href":"https:\/\/www.codewayexpo.com\/en\/wp-json\/wp\/v2\/product_brand?post=156424"},{"taxonomy":"product_cat","embeddable":true,"href":"https:\/\/www.codewayexpo.com\/en\/wp-json\/wp\/v2\/product_cat?post=156424"},{"taxonomy":"product_tag","embeddable":true,"href":"https:\/\/www.codewayexpo.com\/en\/wp-json\/wp\/v2\/product_tag?post=156424"}],"curies":[{"name":"wp","href":"https:\/\/api.w.org\/{rel}","templated":true}]}}