{"id":156419,"date":"2025-05-13T05:19:08","date_gmt":"2025-05-13T05:19:08","guid":{"rendered":"https:\/\/www.codewayexpo.com\/?post_type=product&#038;p=156419"},"modified":"2025-05-13T05:34:33","modified_gmt":"2025-05-13T05:34:33","slug":"ministero-dellindustria-e-del-commercio-del-senegal","status":"publish","type":"product","link":"https:\/\/www.codewayexpo.com\/en\/espositori\/ministero-dellindustria-e-del-commercio-del-senegal\/","title":{"rendered":"Ministero dell&#8217;Industria e del Commercio del Senegal"},"content":{"rendered":"","protected":false},"excerpt":{"rendered":"<p><strong>Hall 2 &#8211; Stand C05<\/strong><\/p>\n<p>Politiques Industrielles et commerciales du S\u00e9n\u00e9gal<br \/>\ncommerce@commerce.gouv.sn<br \/>\nwww.industriecommerce.gouv.sn<\/p>\n<p><span style=\"color: #000080;\">AGROPOLES DU S\u00c9N\u00c9GAL<\/span><br \/>\nDakar<br \/>\ncontact@agropole.sn<br \/>\nwww.agropole.sn<\/p>\n<p><span style=\"color: #000080;\">APROSI &#8211; ZONA ECONOMICA<\/span><br \/>\nSPECIALEE (ZES)<br \/>\n+221 338699732<br \/>\ncontact@aprosi.sn<br \/>\nwww.aprosi.sn<\/p>\n<p><span style=\"color: #000080;\">ADPME<\/span><br \/>\nDakar<br \/>\n+221 338697070<br \/>\ncontact@adepme.sn<br \/>\nwww.adepme.sn<\/p>\n<p><span style=\"color: #000080;\">SEMIG<\/span><br \/>\nMercato d\u2019interesse nazionale<br \/>\nBargny &#8211; Senegal<br \/>\n+221 768557070<br \/>\ncommercial@semig.sn<br \/>\nwww.semig.sn<\/p>\n<p><span style=\"color: #000080;\">ITA INSTITUT DE TECHNOLOGIE <\/span><span style=\"color: #000080;\">ALIMENTAIRE<\/span><br \/>\nDakar Hann &#8211; S\u00e9n\u00e9gal<br \/>\n+221 338590707<\/p>\n<p><span style=\"color: #000080;\">ASAPEX<\/span><br \/>\n<span style=\"color: #000080;\">Assistenza all\u2019Esportazione<\/span><br \/>\nwww.senegalexport.com\/fr\/<\/p>\n<p><span style=\"color: #000080;\">KOPAR EXPRESS<\/span><br \/>\n+221 761399798<br \/>\ncontact@koparexpress.com<br \/>\nkoparexpress.com<\/p>\n<p><span style=\"color: #000080;\">AFAM PRINT SERVICES \/ TEAWAYS<\/span><br \/>\n+221789518429<br \/>\nafamprintservices@gmail.com<\/p>\n<p><span style=\"color: #000080;\">COMUNE DI NGOGOM<\/span><br \/>\n<span style=\"color: #000080;\">Zona Industriale<\/span><br \/>\nngogom.org<\/p>\n<p><span style=\"color: #000080;\">PARTENER LR LIDER ORGNISATION ET SUIVI QUALIT\u00c0<\/span><br \/>\n+39 26992307<br \/>\nFatimandiayefall2@gmail.com<\/p>\n<p><span style=\"color: #000080;\">COMUNE DI DALIFORT PROGETTO CONCERIA<\/span><br \/>\nRUE DF 71 DALIFORT-FOIRAIL<br \/>\nPikine &#8211; Senegal<br \/>\n+221338320630<br \/>\ndalifortforail.com<\/p>\n<p><span style=\"color: #000080;\">KIN\u00c9<\/span><br \/>\nRUE DF 71 DALIFORT-FOIRAIL<br \/>\nPikine &#8211; Senegal<br \/>\n+221338320630<br \/>\ndalifortforail.com<\/p>\n<p><span style=\"color: #000080;\">KIOSQUE KOM-KOM<\/span><br \/>\n+221 762646467<br \/>\nkiosquekomkom@gmail.com<br \/>\nwww.kiosquekomkom.sn<\/p>\n<p><span style=\"color: #000080;\">\u00c9TABLISSEMENT PILOTE<\/span><br \/>\n<span style=\"color: #000080;\">M\u00c9CANIQUE AUTOMOBILE<\/span><br \/>\n<span style=\"color: #000080;\">MULTIMARQUES<\/span><br \/>\nDakar<br \/>\nLibert\u00e9 6, en face Camp P\u00e9nal<br \/>\n+221779902727<br \/>\nThiambabakar13@gmail.com<\/p>\n<p><span style=\"color: #000080;\">PATHE<\/span><br \/>\nRue 5 angle A, Point E, Dakar<br \/>\n+221 773285656<br \/>\nPathedia09@gmail.com<\/p>","protected":false},"featured_media":156420,"template":"","meta":[],"product_brand":[],"product_cat":[192,197],"product_tag":[],"class_list":{"0":"post-156419","1":"product","2":"type-product","3":"status-publish","4":"has-post-thumbnail","6":"product_cat-espositore","7":"product_cat-international-area","9":"first","10":"instock","11":"downloadable","12":"virtual","13":"product-type-simple"},"yoast_head":"<!-- This site is optimized with the Yoast SEO plugin v27.5 - https:\/\/yoast.com\/product\/yoast-seo-wordpress\/ -->\n<title>Ministero dell&#039;Industria e del Commercio del Senegal - CodewayExpo<\/title>\n<meta name=\"robots\" content=\"index, follow, max-snippet:-1, max-image-preview:large, max-video-preview:-1\" \/>\n<link rel=\"canonical\" href=\"https:\/\/www.codewayexpo.com\/en\/espositori\/ministero-dellindustria-e-del-commercio-del-senegal\/\" \/>\n<meta property=\"og:locale\" content=\"en_US\" \/>\n<meta property=\"og:type\" content=\"article\" \/>\n<meta property=\"og:title\" content=\"Ministero dell&#039;Industria e del Commercio del Senegal - CodewayExpo\" \/>\n<meta property=\"og:description\" content=\"Hall 2 - Stand C05  Politiques Industrielles et commerciales du S\u00e9n\u00e9gal commerce@commerce.gouv.sn www.industriecommerce.gouv.sn  AGROPOLES DU S\u00c9N\u00c9GAL Dakar contact@agropole.sn www.agropole.sn  APROSI - ZONA ECONOMICA SPECIALEE (ZES) +221 338699732 contact@aprosi.sn www.aprosi.sn  ADPME Dakar +221 338697070 contact@adepme.sn www.adepme.sn  SEMIG Mercato d\u2019interesse nazionale Bargny - Senegal +221 768557070 commercial@semig.sn www.semig.sn  ITA INSTITUT DE TECHNOLOGIE ALIMENTAIRE Dakar Hann - S\u00e9n\u00e9gal +221 338590707  ASAPEX Assistenza all\u2019Esportazione www.senegalexport.com\/fr\/  KOPAR EXPRESS +221 761399798 contact@koparexpress.com koparexpress.com  AFAM PRINT SERVICES \/ TEAWAYS +221789518429 afamprintservices@gmail.com  COMUNE DI NGOGOM Zona Industriale ngogom.org  PARTENER LR LIDER ORGNISATION ET SUIVI QUALIT\u00c0 +39 26992307 Fatimandiayefall2@gmail.com  COMUNE DI DALIFORT PROGETTO CONCERIA RUE DF 71 DALIFORT-FOIRAIL Pikine - Senegal +221338320630 dalifortforail.com  KIN\u00c9 RUE DF 71 DALIFORT-FOIRAIL Pikine - Senegal +221338320630 dalifortforail.com  KIOSQUE KOM-KOM +221 762646467 kiosquekomkom@gmail.com www.kiosquekomkom.sn  \u00c9TABLISSEMENT PILOTE M\u00c9CANIQUE AUTOMOBILE MULTIMARQUES Dakar Libert\u00e9 6, en face Camp P\u00e9nal +221779902727 Thiambabakar13@gmail.com  PATHE Rue 5 angle A, Point E, Dakar +221 773285656 Pathedia09@gmail.com\" \/>\n<meta property=\"og:url\" content=\"https:\/\/www.codewayexpo.com\/en\/espositori\/ministero-dellindustria-e-del-commercio-del-senegal\/\" \/>\n<meta property=\"og:site_name\" content=\"CodewayExpo\" \/>\n<meta property=\"article:modified_time\" content=\"2025-05-13T05:34:33+00:00\" \/>\n<meta property=\"og:image\" content=\"https:\/\/www.codewayexpo.com\/wp-content\/uploads\/img-logo-ministero-del-senegal.webp\" \/>\n\t<meta property=\"og:image:width\" content=\"792\" \/>\n\t<meta property=\"og:image:height\" content=\"792\" \/>\n\t<meta property=\"og:image:type\" content=\"image\/webp\" \/>\n<meta name=\"twitter:card\" content=\"summary_large_image\" \/>\n<meta name=\"twitter:label1\" content=\"Est. reading time\" \/>\n\t<meta name=\"twitter:data1\" content=\"1 minute\" \/>\n<script type=\"application\/ld+json\" class=\"yoast-schema-graph\">{\"@context\":\"https:\\\/\\\/schema.org\",\"@graph\":[{\"@type\":\"WebPage\",\"@id\":\"https:\\\/\\\/www.codewayexpo.com\\\/espositori\\\/ministero-dellindustria-e-del-commercio-del-senegal\\\/\",\"url\":\"https:\\\/\\\/www.codewayexpo.com\\\/espositori\\\/ministero-dellindustria-e-del-commercio-del-senegal\\\/\",\"name\":\"Ministero dell'Industria e del Commercio del Senegal - CodewayExpo\",\"isPartOf\":{\"@id\":\"https:\\\/\\\/www.codewayexpo.com\\\/#website\"},\"primaryImageOfPage\":{\"@id\":\"https:\\\/\\\/www.codewayexpo.com\\\/espositori\\\/ministero-dellindustria-e-del-commercio-del-senegal\\\/#primaryimage\"},\"image\":{\"@id\":\"https:\\\/\\\/www.codewayexpo.com\\\/espositori\\\/ministero-dellindustria-e-del-commercio-del-senegal\\\/#primaryimage\"},\"thumbnailUrl\":\"https:\\\/\\\/www.codewayexpo.com\\\/wp-content\\\/uploads\\\/img-logo-ministero-del-senegal.webp\",\"datePublished\":\"2025-05-13T05:19:08+00:00\",\"dateModified\":\"2025-05-13T05:34:33+00:00\",\"breadcrumb\":{\"@id\":\"https:\\\/\\\/www.codewayexpo.com\\\/espositori\\\/ministero-dellindustria-e-del-commercio-del-senegal\\\/#breadcrumb\"},\"inLanguage\":\"en-US\",\"potentialAction\":[{\"@type\":\"ReadAction\",\"target\":[\"https:\\\/\\\/www.codewayexpo.com\\\/espositori\\\/ministero-dellindustria-e-del-commercio-del-senegal\\\/\"]}]},{\"@type\":\"ImageObject\",\"inLanguage\":\"en-US\",\"@id\":\"https:\\\/\\\/www.codewayexpo.com\\\/espositori\\\/ministero-dellindustria-e-del-commercio-del-senegal\\\/#primaryimage\",\"url\":\"https:\\\/\\\/www.codewayexpo.com\\\/wp-content\\\/uploads\\\/img-logo-ministero-del-senegal.webp\",\"contentUrl\":\"https:\\\/\\\/www.codewayexpo.com\\\/wp-content\\\/uploads\\\/img-logo-ministero-del-senegal.webp\",\"width\":792,\"height\":792},{\"@type\":\"BreadcrumbList\",\"@id\":\"https:\\\/\\\/www.codewayexpo.com\\\/espositori\\\/ministero-dellindustria-e-del-commercio-del-senegal\\\/#breadcrumb\",\"itemListElement\":[{\"@type\":\"ListItem\",\"position\":1,\"name\":\"Home\",\"item\":\"https:\\\/\\\/www.codewayexpo.com\\\/\"},{\"@type\":\"ListItem\",\"position\":2,\"name\":\"Shop\",\"item\":\"https:\\\/\\\/www.codewayexpo.com\\\/shop\\\/\"},{\"@type\":\"ListItem\",\"position\":3,\"name\":\"Ministero dell&#8217;Industria e del Commercio del Senegal\"}]},{\"@type\":\"WebSite\",\"@id\":\"https:\\\/\\\/www.codewayexpo.com\\\/#website\",\"url\":\"https:\\\/\\\/www.codewayexpo.com\\\/\",\"name\":\"CodewayExpo\",\"description\":\"Cooperation Development Expo\",\"potentialAction\":[{\"@type\":\"SearchAction\",\"target\":{\"@type\":\"EntryPoint\",\"urlTemplate\":\"https:\\\/\\\/www.codewayexpo.com\\\/?s={search_term_string}\"},\"query-input\":{\"@type\":\"PropertyValueSpecification\",\"valueRequired\":true,\"valueName\":\"search_term_string\"}}],\"inLanguage\":\"en-US\"}]}<\/script>\n<!-- \/ Yoast SEO plugin. -->","yoast_head_json":{"title":"Ministero dell'Industria e del Commercio del Senegal - CodewayExpo","robots":{"index":"index","follow":"follow","max-snippet":"max-snippet:-1","max-image-preview":"max-image-preview:large","max-video-preview":"max-video-preview:-1"},"canonical":"https:\/\/www.codewayexpo.com\/en\/espositori\/ministero-dellindustria-e-del-commercio-del-senegal\/","og_locale":"en_US","og_type":"article","og_title":"Ministero dell'Industria e del Commercio del Senegal - CodewayExpo","og_description":"Hall 2 - Stand C05  Politiques Industrielles et commerciales du S\u00e9n\u00e9gal commerce@commerce.gouv.sn www.industriecommerce.gouv.sn  AGROPOLES DU S\u00c9N\u00c9GAL Dakar contact@agropole.sn www.agropole.sn  APROSI - ZONA ECONOMICA SPECIALEE (ZES) +221 338699732 contact@aprosi.sn www.aprosi.sn  ADPME Dakar +221 338697070 contact@adepme.sn www.adepme.sn  SEMIG Mercato d\u2019interesse nazionale Bargny - Senegal +221 768557070 commercial@semig.sn www.semig.sn  ITA INSTITUT DE TECHNOLOGIE ALIMENTAIRE Dakar Hann - S\u00e9n\u00e9gal +221 338590707  ASAPEX Assistenza all\u2019Esportazione www.senegalexport.com\/fr\/  KOPAR EXPRESS +221 761399798 contact@koparexpress.com koparexpress.com  AFAM PRINT SERVICES \/ TEAWAYS +221789518429 afamprintservices@gmail.com  COMUNE DI NGOGOM Zona Industriale ngogom.org  PARTENER LR LIDER ORGNISATION ET SUIVI QUALIT\u00c0 +39 26992307 Fatimandiayefall2@gmail.com  COMUNE DI DALIFORT PROGETTO CONCERIA RUE DF 71 DALIFORT-FOIRAIL Pikine - Senegal +221338320630 dalifortforail.com  KIN\u00c9 RUE DF 71 DALIFORT-FOIRAIL Pikine - Senegal +221338320630 dalifortforail.com  KIOSQUE KOM-KOM +221 762646467 kiosquekomkom@gmail.com www.kiosquekomkom.sn  \u00c9TABLISSEMENT PILOTE M\u00c9CANIQUE AUTOMOBILE MULTIMARQUES Dakar Libert\u00e9 6, en face Camp P\u00e9nal +221779902727 Thiambabakar13@gmail.com  PATHE Rue 5 angle A, Point E, Dakar +221 773285656 Pathedia09@gmail.com","og_url":"https:\/\/www.codewayexpo.com\/en\/espositori\/ministero-dellindustria-e-del-commercio-del-senegal\/","og_site_name":"CodewayExpo","article_modified_time":"2025-05-13T05:34:33+00:00","og_image":[{"width":792,"height":792,"url":"https:\/\/www.codewayexpo.com\/wp-content\/uploads\/img-logo-ministero-del-senegal.webp","type":"image\/webp"}],"twitter_card":"summary_large_image","twitter_misc":{"Est. reading time":"1 minute"},"schema":{"@context":"https:\/\/schema.org","@graph":[{"@type":"WebPage","@id":"https:\/\/www.codewayexpo.com\/espositori\/ministero-dellindustria-e-del-commercio-del-senegal\/","url":"https:\/\/www.codewayexpo.com\/espositori\/ministero-dellindustria-e-del-commercio-del-senegal\/","name":"Ministero dell'Industria e del Commercio del Senegal - CodewayExpo","isPartOf":{"@id":"https:\/\/www.codewayexpo.com\/#website"},"primaryImageOfPage":{"@id":"https:\/\/www.codewayexpo.com\/espositori\/ministero-dellindustria-e-del-commercio-del-senegal\/#primaryimage"},"image":{"@id":"https:\/\/www.codewayexpo.com\/espositori\/ministero-dellindustria-e-del-commercio-del-senegal\/#primaryimage"},"thumbnailUrl":"https:\/\/www.codewayexpo.com\/wp-content\/uploads\/img-logo-ministero-del-senegal.webp","datePublished":"2025-05-13T05:19:08+00:00","dateModified":"2025-05-13T05:34:33+00:00","breadcrumb":{"@id":"https:\/\/www.codewayexpo.com\/espositori\/ministero-dellindustria-e-del-commercio-del-senegal\/#breadcrumb"},"inLanguage":"en-US","potentialAction":[{"@type":"ReadAction","target":["https:\/\/www.codewayexpo.com\/espositori\/ministero-dellindustria-e-del-commercio-del-senegal\/"]}]},{"@type":"ImageObject","inLanguage":"en-US","@id":"https:\/\/www.codewayexpo.com\/espositori\/ministero-dellindustria-e-del-commercio-del-senegal\/#primaryimage","url":"https:\/\/www.codewayexpo.com\/wp-content\/uploads\/img-logo-ministero-del-senegal.webp","contentUrl":"https:\/\/www.codewayexpo.com\/wp-content\/uploads\/img-logo-ministero-del-senegal.webp","width":792,"height":792},{"@type":"BreadcrumbList","@id":"https:\/\/www.codewayexpo.com\/espositori\/ministero-dellindustria-e-del-commercio-del-senegal\/#breadcrumb","itemListElement":[{"@type":"ListItem","position":1,"name":"Home","item":"https:\/\/www.codewayexpo.com\/"},{"@type":"ListItem","position":2,"name":"Shop","item":"https:\/\/www.codewayexpo.com\/shop\/"},{"@type":"ListItem","position":3,"name":"Ministero dell&#8217;Industria e del Commercio del Senegal"}]},{"@type":"WebSite","@id":"https:\/\/www.codewayexpo.com\/#website","url":"https:\/\/www.codewayexpo.com\/","name":"CodewayExpo","description":"Cooperation Development Expo","potentialAction":[{"@type":"SearchAction","target":{"@type":"EntryPoint","urlTemplate":"https:\/\/www.codewayexpo.com\/?s={search_term_string}"},"query-input":{"@type":"PropertyValueSpecification","valueRequired":true,"valueName":"search_term_string"}}],"inLanguage":"en-US"}]}},"_links":{"self":[{"href":"https:\/\/www.codewayexpo.com\/en\/wp-json\/wp\/v2\/product\/156419","targetHints":{"allow":["GET"]}}],"collection":[{"href":"https:\/\/www.codewayexpo.com\/en\/wp-json\/wp\/v2\/product"}],"about":[{"href":"https:\/\/www.codewayexpo.com\/en\/wp-json\/wp\/v2\/types\/product"}],"wp:featuredmedia":[{"embeddable":true,"href":"https:\/\/www.codewayexpo.com\/en\/wp-json\/wp\/v2\/media\/156420"}],"wp:attachment":[{"href":"https:\/\/www.codewayexpo.com\/en\/wp-json\/wp\/v2\/media?parent=156419"}],"wp:term":[{"taxonomy":"product_brand","embeddable":true,"href":"https:\/\/www.codewayexpo.com\/en\/wp-json\/wp\/v2\/product_brand?post=156419"},{"taxonomy":"product_cat","embeddable":true,"href":"https:\/\/www.codewayexpo.com\/en\/wp-json\/wp\/v2\/product_cat?post=156419"},{"taxonomy":"product_tag","embeddable":true,"href":"https:\/\/www.codewayexpo.com\/en\/wp-json\/wp\/v2\/product_tag?post=156419"}],"curies":[{"name":"wp","href":"https:\/\/api.w.org\/{rel}","templated":true}]}}